{"id":3,"date":"2019-04-26T09:04:12","date_gmt":"2019-04-26T07:04:12","guid":{"rendered":"http:\/\/empax.sk\/bezpecna-komunikacia\/?page_id=3"},"modified":"2019-05-05T12:49:43","modified_gmt":"2019-05-05T10:49:43","slug":"ochrana-sukromia","status":"publish","type":"page","link":"http:\/\/empax.sk\/bezpecna-komunikacia\/ochrana-sukromia\/","title":{"rendered":"Ochrana osobn\u00fdch \u00fadajov"},"content":{"rendered":"\n<p>Tento dokument opisuje z\u00e1sady blogu&nbsp;<strong>Bezpe\u010dn\u00e1 komunik\u00e1cia<\/strong> pri zhroma\u017e\u010fovan\u00ed, spracovan\u00ed a uchov\u00e1van\u00ed osobn\u00fdch \u00fadajov v&nbsp;s\u00falade s&nbsp;pr\u00edslu\u0161n\u00fdmi pr\u00e1vnymi predpismi Slovenskej republiky a&nbsp;s&nbsp;legislat\u00edvou Eur\u00f3pskej \u00fanie a&nbsp;v&nbsp;maxim\u00e1lnej miere db\u00e1 na s\u00fakromie dotknut\u00fdch os\u00f4b a&nbsp;na ochranu ich osobn\u00fdch \u00fadajov.<\/p>\n\n\n\n<h2 class=\"wp-block-heading\"><strong>Prev\u00e1dzkovate\u013e osobn\u00fdch \u00fadajov<\/strong><\/h2>\n\n\n\n<p>Prev\u00e1dzkovate\u013eom osobn\u00fdch \u00fadajov je:<br>Empax, s.r.o., I\u010cO: 50&nbsp;631 730, so s\u00eddlom Gr\u00ednava 371\/77, 900 67 L\u00e1b<\/p>\n\n\n\n<p>Adresa webovej str\u00e1nky, na ktorej s\u00fa zbieran\u00e9 osobn\u00e9 \u00fadaje:<br>www.empax.sk\/bezpecna-komunikacia<\/p>\n\n\n\n<h2 class=\"wp-block-heading\"><strong>Ak\u00e9 osobn\u00e9 \u00fadaje z\u00edskavame a&nbsp;ako ich pou\u017e\u00edvame<\/strong><br><\/h2>\n\n\n\n<p>Z\u00edskavame nasledovn\u00e9 osobn\u00e9 \u00fadaje:<\/p>\n\n\n\n<ul class=\"wp-block-list\"><li>E-mailov\u00fa adresu pre zasielanie informa\u010dn\u00e9ho newslettera &#8211; inform\u00e1cie o&nbsp;nov\u00fdch \u010dl\u00e1nkoch, reklamn\u00e9 inform\u00e1cie z&nbsp;oblasti bezpe\u010dnosti informa\u010dn\u00fdch a&nbsp;komunika\u010dn\u00fdch technol\u00f3gi\u00ed. Newsletter zasielame prostredn\u00edctvom slu\u017eby&nbsp;<a href=\"https:\/\/mailchimp.com\/about\/security\">MailChimp<\/a> maxim\u00e1lne 1x za t\u00fd\u017ede\u0148.<\/li><\/ul>\n\n\n\n<ul class=\"wp-block-list\"><li>Webov\u00e1 metriku a&nbsp;analytiku pre zaznamenanie spr\u00e1vania sa a merania n\u00e1v\u0161tevnosti na\u0161ej webovej str\u00e1nky. Vyu\u017e\u00edvame slu\u017ebu&nbsp;<a href=\"https:\/\/policies.google.com\/?hl=sk\">Google Analytics<\/a>, ktor\u00e1 pou\u017e\u00edva s\u00fabory Cookie.<\/li><\/ul>\n\n\n\n<h2 class=\"wp-block-heading\"><strong>Spravovanie a&nbsp;vymazanie osobn\u00fdch \u00fadajov<\/strong><\/h2>\n\n\n\n<p>Va\u0161a e-mailova adresa pre zasielanie inform\u00e1\u010dn\u00e9ho newslettera je uchov\u00e1van\u00e1 a\u017e do skon\u010denia slu\u017eby alebo do doby, k\u00fdm nezru\u0161\u00edte odoberanie newslettera, ktor\u00e9 je mo\u017en\u00e9 vykona\u0165 kedyko\u013evek (kliknut\u00edm na odkaz \u201eodhl\u00e1si\u0165 sa\u201c, ktor\u00fd je s\u00fa\u010das\u0165ou ka\u017ed\u00e9ho newslettera).<\/p>\n\n\n\n<h2 class=\"wp-block-heading\"><strong>S\u00fabory Cookie<\/strong><\/h2>\n\n\n\n<p>S\u00fabor cookie je mal\u00fd textov\u00fd s\u00fabor, ktor\u00fd webov\u00e1 str\u00e1nka uklad\u00e1 vo va\u0161om po\u010d\u00edta\u010di alebo mobilnom zariaden\u00ed pri jej prehliadan\u00ed. V\u010faka tomuto s\u00faboru si webov\u00e1 lokalita na ur\u010dit\u00fd \u010das uchov\u00e1va inform\u00e1cie o va\u0161ich preferenci\u00e1ch (ako s\u00fa prihlasovacie meno, jazyk, ve\u013ekos\u0165 p\u00edsma a in\u00e9 nastavenia zobrazovania), tak\u017ee ich pri \u010fal\u0161ej n\u00e1v\u0161teve lokality alebo prehliadan\u00ed jej jednotliv\u00fdch str\u00e1nok nemus\u00edte op\u00e4tovne uv\u00e1dza\u0165 alebo nastavova\u0165.<\/p>\n\n\n\n<p>S\u00fabory cookie m\u00f4\u017eete kontrolova\u0165 alebo zmaza\u0165 \u2013 podrobnosti si pozrite na str\u00e1nke <a href=\"http:\/\/aboutcookies.org\">aboutcookies.org<\/a>.<\/p>\n\n\n\n<h2 class=\"wp-block-heading\">Vlo\u017een\u00fd obsah z in\u00fdch webov\u00fdch str\u00e1nok<\/h2>\n\n\n\n<p>\u010cl\u00e1nky na tejto webovej str\u00e1nke m\u00f4\u017eu obsahova\u0165 vlo\u017een\u00fd obsah (napr. vide\u00e1, obr\u00e1zky, \u010dl\u00e1nky a podobne). Vlo\u017een\u00fd obsah z in\u00fdch str\u00e1nok sa chov\u00e1 rovnako, akoby n\u00e1v\u0161tevn\u00edk nav\u0161t\u00edvil in\u00fa webov\u00fa str\u00e1nku. <\/p>\n\n\n\n<p>Tieto webov\u00e9 str\u00e1nky m\u00f4\u017eu o v\u00e1s zbiera\u0165 osobn\u00e9 \u00fadaje, pou\u017e\u00edva\u0165 s\u00fabory cookies, vklada\u0165 tre\u0165o-strann\u00e9 sledovanie a monitorova\u0165 va\u0161u interakciu s vlo\u017een\u00fdm obsahom, v\u010detne sledovania va\u0161ej interakcie s vlo\u017een\u00fdm obsahom, ak na danej webovej str\u00e1nke m\u00e1te \u00fa\u010det a ste prihl\u00e1sen\u00fd. <\/p>\n\n\n\n<h2 class=\"wp-block-heading\"><strong>Va\u0161e pr\u00e1va t\u00fdkaj\u00face sa osobn\u00fdch \u00fadajov<\/strong><\/h2>\n\n\n\n<p>V s\u00falade s platn\u00fdmi predpismi m\u00e1te pr\u00e1vo na pr\u00edstup, opravu, obmedzenie, vymazanie a&nbsp;pr\u00e1vo namieta\u0165 spracovanie osobn\u00fdch \u00fadajov.<\/p>\n\n\n\n<p>Svoj s\u00fahlas na zasielanie na\u0161ich noviniek m\u00f4\u017eete kedyko\u013evek odvola\u0165. M\u00f4\u017eete po\u017eiada\u0165 o k\u00f3piu va\u0161ich osobn\u00fdch \u00fadajov, ktor\u00e9 m\u00e1me k dispoz\u00edcii.&nbsp;<\/p>\n\n\n\n<p>Vy\u0161\u0161ie uveden\u00e9 pr\u00e1va m\u00f4\u017eete uplatni\u0165 zaslan\u00edm po\u017eiadavky na e-mailov\u00fa adresu:<br>info@empax.sk<\/p>\n\n\n\n<p>V s\u00falade s platn\u00fdmi predpismi m\u00f4\u017eete poda\u0165 s\u0165a\u017enos\u0165 pr\u00edslu\u0161n\u00e9mu org\u00e1nu:<br>\u00darad na ochranu osobn\u00fdch \u00fadajov SR, Hrani\u010dn\u00e1 12, 820 07 Bratislava<\/p>\n","protected":false},"excerpt":{"rendered":"<p>Tento dokument opisuje z\u00e1sady blogu&nbsp;Bezpe\u010dn\u00e1 komunik\u00e1cia pri zhroma\u017e\u010fovan\u00ed, spracovan\u00ed a uchov\u00e1van\u00ed osobn\u00fdch \u00fadajov v&nbsp;s\u00falade s&nbsp;pr\u00edslu\u0161n\u00fdmi pr\u00e1vnymi predpismi Slovenskej republiky a&nbsp;s&nbsp;legislat\u00edvou Eur\u00f3pskej \u00fanie a&nbsp;v&nbsp;maxim\u00e1lnej miere db\u00e1 na s\u00fakromie dotknut\u00fdch os\u00f4b a&nbsp;na ochranu ich osobn\u00fdch \u00fadajov. Prev\u00e1dzkovate\u013e osobn\u00fdch \u00fadajov Prev\u00e1dzkovate\u013eom osobn\u00fdch \u00fadajov je:Empax, s.r.o., I\u010cO: 50&nbsp;631 730, so s\u00eddlom Gr\u00ednava 371\/77, 900 67 L\u00e1b Adresa webovej str\u00e1nky, na ktorej s\u00fa zbieran\u00e9 osobn\u00e9 \u00fadaje:www.empax.sk\/bezpecna-komunikacia Ak\u00e9 osobn\u00e9 \u00fadaje z\u00edskavame a&nbsp;ako ich pou\u017e\u00edvame Z\u00edskavame nasledovn\u00e9 osobn\u00e9 \u00fadaje: E-mailov\u00fa adresu pre zasielanie informa\u010dn\u00e9ho newslettera &#8211; inform\u00e1cie o&nbsp;nov\u00fdch \u010dl\u00e1nkoch, reklamn\u00e9 inform\u00e1cie z&nbsp;oblasti bezpe\u010dnosti informa\u010dn\u00fdch a&nbsp;komunika\u010dn\u00fdch technol\u00f3gi\u00ed. Newsletter zasielame prostredn\u00edctvom slu\u017eby&nbsp;MailChimp maxim\u00e1lne 1x za t\u00fd\u017ede\u0148. Webov\u00e1 metriku a&nbsp;analytiku [&hellip;]<\/p>\n","protected":false},"author":2,"featured_media":0,"parent":0,"menu_order":0,"comment_status":"closed","ping_status":"open","template":"","meta":{"footnotes":""},"class_list":["post-3","page","type-page","status-publish","hentry"],"yoast_head":"<!-- This site is optimized with the Yoast SEO plugin v23.5 - https:\/\/yoast.com\/wordpress\/plugins\/seo\/ -->\n<title>Ochrana osobn\u00fdch \u00fadajov - Bezpe\u010dn\u00e1 komunik\u00e1cia | Blog<\/title>\n<meta name=\"robots\" content=\"index, follow, max-snippet:-1, max-image-preview:large, max-video-preview:-1\" \/>\n<link rel=\"canonical\" href=\"http:\/\/empax.sk\/bezpecna-komunikacia\/ochrana-sukromia\/\" \/>\n<meta property=\"og:locale\" content=\"sk_SK\" \/>\n<meta property=\"og:type\" content=\"article\" \/>\n<meta property=\"og:title\" content=\"Ochrana osobn\u00fdch \u00fadajov - Bezpe\u010dn\u00e1 komunik\u00e1cia | Blog\" \/>\n<meta property=\"og:description\" content=\"Tento dokument opisuje z\u00e1sady blogu&nbsp;Bezpe\u010dn\u00e1 komunik\u00e1cia pri zhroma\u017e\u010fovan\u00ed, spracovan\u00ed a uchov\u00e1van\u00ed osobn\u00fdch \u00fadajov v&nbsp;s\u00falade s&nbsp;pr\u00edslu\u0161n\u00fdmi pr\u00e1vnymi predpismi Slovenskej republiky a&nbsp;s&nbsp;legislat\u00edvou Eur\u00f3pskej \u00fanie a&nbsp;v&nbsp;maxim\u00e1lnej miere db\u00e1 na s\u00fakromie dotknut\u00fdch os\u00f4b a&nbsp;na ochranu ich osobn\u00fdch \u00fadajov. Prev\u00e1dzkovate\u013e osobn\u00fdch \u00fadajov Prev\u00e1dzkovate\u013eom osobn\u00fdch \u00fadajov je:Empax, s.r.o., I\u010cO: 50&nbsp;631 730, so s\u00eddlom Gr\u00ednava 371\/77, 900 67 L\u00e1b Adresa webovej str\u00e1nky, na ktorej s\u00fa zbieran\u00e9 osobn\u00e9 \u00fadaje:www.empax.sk\/bezpecna-komunikacia Ak\u00e9 osobn\u00e9 \u00fadaje z\u00edskavame a&nbsp;ako ich pou\u017e\u00edvame Z\u00edskavame nasledovn\u00e9 osobn\u00e9 \u00fadaje: E-mailov\u00fa adresu pre zasielanie informa\u010dn\u00e9ho newslettera &#8211; inform\u00e1cie o&nbsp;nov\u00fdch \u010dl\u00e1nkoch, reklamn\u00e9 inform\u00e1cie z&nbsp;oblasti bezpe\u010dnosti informa\u010dn\u00fdch a&nbsp;komunika\u010dn\u00fdch technol\u00f3gi\u00ed. Newsletter zasielame prostredn\u00edctvom slu\u017eby&nbsp;MailChimp maxim\u00e1lne 1x za t\u00fd\u017ede\u0148. Webov\u00e1 metriku a&nbsp;analytiku [&hellip;]\" \/>\n<meta property=\"og:url\" content=\"http:\/\/empax.sk\/bezpecna-komunikacia\/ochrana-sukromia\/\" \/>\n<meta property=\"og:site_name\" content=\"Bezpe\u010dn\u00e1 komunik\u00e1cia | Blog\" \/>\n<meta property=\"article:modified_time\" content=\"2019-05-05T10:49:43+00:00\" \/>\n<meta name=\"twitter:card\" content=\"summary_large_image\" \/>\n<meta name=\"twitter:label1\" content=\"Predpokladan\u00fd \u010das \u010d\u00edtania\" \/>\n\t<meta name=\"twitter:data1\" content=\"3 min\u00faty\" \/>\n<script type=\"application\/ld+json\" class=\"yoast-schema-graph\">{\"@context\":\"https:\/\/schema.org\",\"@graph\":[{\"@type\":\"WebPage\",\"@id\":\"http:\/\/empax.sk\/bezpecna-komunikacia\/ochrana-sukromia\/\",\"url\":\"http:\/\/empax.sk\/bezpecna-komunikacia\/ochrana-sukromia\/\",\"name\":\"Ochrana osobn\u00fdch \u00fadajov - Bezpe\u010dn\u00e1 komunik\u00e1cia | Blog\",\"isPartOf\":{\"@id\":\"https:\/\/empax.sk\/bezpecna-komunikacia\/#website\"},\"datePublished\":\"2019-04-26T07:04:12+00:00\",\"dateModified\":\"2019-05-05T10:49:43+00:00\",\"breadcrumb\":{\"@id\":\"http:\/\/empax.sk\/bezpecna-komunikacia\/ochrana-sukromia\/#breadcrumb\"},\"inLanguage\":\"sk-SK\",\"potentialAction\":[{\"@type\":\"ReadAction\",\"target\":[\"http:\/\/empax.sk\/bezpecna-komunikacia\/ochrana-sukromia\/\"]}]},{\"@type\":\"BreadcrumbList\",\"@id\":\"http:\/\/empax.sk\/bezpecna-komunikacia\/ochrana-sukromia\/#breadcrumb\",\"itemListElement\":[{\"@type\":\"ListItem\",\"position\":1,\"name\":\"Home\",\"item\":\"https:\/\/empax.sk\/bezpecna-komunikacia\/\"},{\"@type\":\"ListItem\",\"position\":2,\"name\":\"Ochrana osobn\u00fdch \u00fadajov\"}]},{\"@type\":\"WebSite\",\"@id\":\"https:\/\/empax.sk\/bezpecna-komunikacia\/#website\",\"url\":\"https:\/\/empax.sk\/bezpecna-komunikacia\/\",\"name\":\"Bezpe\u010dn\u00e1 komunik\u00e1cia | Blog\",\"description\":\"V\u0161etko o bezpe\u010dnosti mobilnej komunik\u00e1cie\",\"potentialAction\":[{\"@type\":\"SearchAction\",\"target\":{\"@type\":\"EntryPoint\",\"urlTemplate\":\"https:\/\/empax.sk\/bezpecna-komunikacia\/?s={search_term_string}\"},\"query-input\":{\"@type\":\"PropertyValueSpecification\",\"valueRequired\":true,\"valueName\":\"search_term_string\"}}],\"inLanguage\":\"sk-SK\"}]}<\/script>\n<!-- \/ Yoast SEO plugin. -->","yoast_head_json":{"title":"Ochrana osobn\u00fdch \u00fadajov - Bezpe\u010dn\u00e1 komunik\u00e1cia | Blog","robots":{"index":"index","follow":"follow","max-snippet":"max-snippet:-1","max-image-preview":"max-image-preview:large","max-video-preview":"max-video-preview:-1"},"canonical":"http:\/\/empax.sk\/bezpecna-komunikacia\/ochrana-sukromia\/","og_locale":"sk_SK","og_type":"article","og_title":"Ochrana osobn\u00fdch \u00fadajov - Bezpe\u010dn\u00e1 komunik\u00e1cia | Blog","og_description":"Tento dokument opisuje z\u00e1sady blogu&nbsp;Bezpe\u010dn\u00e1 komunik\u00e1cia pri zhroma\u017e\u010fovan\u00ed, spracovan\u00ed a uchov\u00e1van\u00ed osobn\u00fdch \u00fadajov v&nbsp;s\u00falade s&nbsp;pr\u00edslu\u0161n\u00fdmi pr\u00e1vnymi predpismi Slovenskej republiky a&nbsp;s&nbsp;legislat\u00edvou Eur\u00f3pskej \u00fanie a&nbsp;v&nbsp;maxim\u00e1lnej miere db\u00e1 na s\u00fakromie dotknut\u00fdch os\u00f4b a&nbsp;na ochranu ich osobn\u00fdch \u00fadajov. Prev\u00e1dzkovate\u013e osobn\u00fdch \u00fadajov Prev\u00e1dzkovate\u013eom osobn\u00fdch \u00fadajov je:Empax, s.r.o., I\u010cO: 50&nbsp;631 730, so s\u00eddlom Gr\u00ednava 371\/77, 900 67 L\u00e1b Adresa webovej str\u00e1nky, na ktorej s\u00fa zbieran\u00e9 osobn\u00e9 \u00fadaje:www.empax.sk\/bezpecna-komunikacia Ak\u00e9 osobn\u00e9 \u00fadaje z\u00edskavame a&nbsp;ako ich pou\u017e\u00edvame Z\u00edskavame nasledovn\u00e9 osobn\u00e9 \u00fadaje: E-mailov\u00fa adresu pre zasielanie informa\u010dn\u00e9ho newslettera &#8211; inform\u00e1cie o&nbsp;nov\u00fdch \u010dl\u00e1nkoch, reklamn\u00e9 inform\u00e1cie z&nbsp;oblasti bezpe\u010dnosti informa\u010dn\u00fdch a&nbsp;komunika\u010dn\u00fdch technol\u00f3gi\u00ed. Newsletter zasielame prostredn\u00edctvom slu\u017eby&nbsp;MailChimp maxim\u00e1lne 1x za t\u00fd\u017ede\u0148. Webov\u00e1 metriku a&nbsp;analytiku [&hellip;]","og_url":"http:\/\/empax.sk\/bezpecna-komunikacia\/ochrana-sukromia\/","og_site_name":"Bezpe\u010dn\u00e1 komunik\u00e1cia | Blog","article_modified_time":"2019-05-05T10:49:43+00:00","twitter_card":"summary_large_image","twitter_misc":{"Predpokladan\u00fd \u010das \u010d\u00edtania":"3 min\u00faty"},"schema":{"@context":"https:\/\/schema.org","@graph":[{"@type":"WebPage","@id":"http:\/\/empax.sk\/bezpecna-komunikacia\/ochrana-sukromia\/","url":"http:\/\/empax.sk\/bezpecna-komunikacia\/ochrana-sukromia\/","name":"Ochrana osobn\u00fdch \u00fadajov - Bezpe\u010dn\u00e1 komunik\u00e1cia | Blog","isPartOf":{"@id":"https:\/\/empax.sk\/bezpecna-komunikacia\/#website"},"datePublished":"2019-04-26T07:04:12+00:00","dateModified":"2019-05-05T10:49:43+00:00","breadcrumb":{"@id":"http:\/\/empax.sk\/bezpecna-komunikacia\/ochrana-sukromia\/#breadcrumb"},"inLanguage":"sk-SK","potentialAction":[{"@type":"ReadAction","target":["http:\/\/empax.sk\/bezpecna-komunikacia\/ochrana-sukromia\/"]}]},{"@type":"BreadcrumbList","@id":"http:\/\/empax.sk\/bezpecna-komunikacia\/ochrana-sukromia\/#breadcrumb","itemListElement":[{"@type":"ListItem","position":1,"name":"Home","item":"https:\/\/empax.sk\/bezpecna-komunikacia\/"},{"@type":"ListItem","position":2,"name":"Ochrana osobn\u00fdch \u00fadajov"}]},{"@type":"WebSite","@id":"https:\/\/empax.sk\/bezpecna-komunikacia\/#website","url":"https:\/\/empax.sk\/bezpecna-komunikacia\/","name":"Bezpe\u010dn\u00e1 komunik\u00e1cia | Blog","description":"V\u0161etko o bezpe\u010dnosti mobilnej komunik\u00e1cie","potentialAction":[{"@type":"SearchAction","target":{"@type":"EntryPoint","urlTemplate":"https:\/\/empax.sk\/bezpecna-komunikacia\/?s={search_term_string}"},"query-input":{"@type":"PropertyValueSpecification","valueRequired":true,"valueName":"search_term_string"}}],"inLanguage":"sk-SK"}]}},"_links":{"self":[{"href":"http:\/\/empax.sk\/bezpecna-komunikacia\/wp-json\/wp\/v2\/pages\/3"}],"collection":[{"href":"http:\/\/empax.sk\/bezpecna-komunikacia\/wp-json\/wp\/v2\/pages"}],"about":[{"href":"http:\/\/empax.sk\/bezpecna-komunikacia\/wp-json\/wp\/v2\/types\/page"}],"author":[{"embeddable":true,"href":"http:\/\/empax.sk\/bezpecna-komunikacia\/wp-json\/wp\/v2\/users\/2"}],"replies":[{"embeddable":true,"href":"http:\/\/empax.sk\/bezpecna-komunikacia\/wp-json\/wp\/v2\/comments?post=3"}],"version-history":[{"count":0,"href":"http:\/\/empax.sk\/bezpecna-komunikacia\/wp-json\/wp\/v2\/pages\/3\/revisions"}],"wp:attachment":[{"href":"http:\/\/empax.sk\/bezpecna-komunikacia\/wp-json\/wp\/v2\/media?parent=3"}],"curies":[{"name":"wp","href":"https:\/\/api.w.org\/{rel}","templated":true}]}}